{"id":44,"date":"2025-01-21T00:45:36","date_gmt":"2025-01-21T00:45:36","guid":{"rendered":"https:\/\/autopecasforpecas.com.br\/menu\/?page_id=44"},"modified":"2025-05-27T21:03:00","modified_gmt":"2025-05-27T21:03:00","slug":"sobre-nos","status":"publish","type":"page","link":"https:\/\/autopecasforpecas.com.br\/menu\/sobre-nos\/","title":{"rendered":"Sobre n\u00f3s"},"content":{"rendered":"\t\t<div data-elementor-type=\"wp-page\" data-elementor-id=\"44\" class=\"elementor elementor-44\">\n\t\t\t\t<div class=\"elementor-element elementor-element-3a2ebd3 e-flex e-con-boxed wpr-particle-no wpr-jarallax-no wpr-parallax-no wpr-sticky-section-no e-con e-parent\" data-id=\"3a2ebd3\" data-element_type=\"container\" data-e-type=\"container\" data-settings=\"{&quot;background_background&quot;:&quot;classic&quot;}\">\n\t\t\t\t\t<div class=\"e-con-inner\">\n\t\t\t\t<div class=\"elementor-element elementor-element-f4bfa96 elementor-widget elementor-widget-heading\" data-id=\"f4bfa96\" data-element_type=\"widget\" data-e-type=\"widget\" data-widget_type=\"heading.default\">\n\t\t\t\t<div class=\"elementor-widget-container\">\n\t\t\t\t\t<h2 class=\"elementor-heading-title elementor-size-default\">Sobre N\u00f3s<\/h2>\t\t\t\t<\/div>\n\t\t\t\t<\/div>\n\t\t\t\t\t<\/div>\n\t\t\t\t<\/div>\n\t\t<div class=\"elementor-element elementor-element-69c0f40 e-flex e-con-boxed wpr-particle-no wpr-jarallax-no wpr-parallax-no wpr-sticky-section-no e-con e-parent\" data-id=\"69c0f40\" data-element_type=\"container\" data-e-type=\"container\">\n\t\t\t\t\t<div class=\"e-con-inner\">\n\t\t<div class=\"elementor-element elementor-element-74f0ac5 e-con-full e-flex wpr-particle-no wpr-jarallax-no wpr-parallax-no wpr-sticky-section-no e-con e-child\" data-id=\"74f0ac5\" data-element_type=\"container\" data-e-type=\"container\">\n\t\t\t\t<div class=\"elementor-element elementor-element-142f8a1 elementor-widget elementor-widget-heading\" data-id=\"142f8a1\" data-element_type=\"widget\" data-e-type=\"widget\" data-widget_type=\"heading.default\">\n\t\t\t\t<div class=\"elementor-widget-container\">\n\t\t\t\t\t<h2 class=\"elementor-heading-title elementor-size-default\">Sobre N\u00f3s<\/h2>\t\t\t\t<\/div>\n\t\t\t\t<\/div>\n\t\t\t\t<div class=\"elementor-element elementor-element-d4ba05c elementor-widget elementor-widget-heading\" data-id=\"d4ba05c\" data-element_type=\"widget\" data-e-type=\"widget\" data-widget_type=\"heading.default\">\n\t\t\t\t<div class=\"elementor-widget-container\">\n\t\t\t\t\t<h2 class=\"elementor-heading-title elementor-size-default\">Loja de Autope\u00e7as em CAMPINAS<\/h2>\t\t\t\t<\/div>\n\t\t\t\t<\/div>\n\t\t\t\t<div class=\"elementor-element elementor-element-531b086 elementor-widget elementor-widget-text-editor\" data-id=\"531b086\" data-element_type=\"widget\" data-e-type=\"widget\" data-widget_type=\"text-editor.default\">\n\t\t\t\t<div class=\"elementor-widget-container\">\n\t\t\t\t\t\t\t\t\t<p data-start=\"156\" data-end=\"331\">Com mais de <strong data-start=\"168\" data-end=\"206\">33 anos de experi\u00eancia em Campinas<\/strong>, a <strong data-start=\"210\" data-end=\"222\">Forpe\u00e7as<\/strong> \u00e9 especialista na <strong data-start=\"241\" data-end=\"294\">venda de pe\u00e7as automotivas nacionais e importadas<\/strong>, com destaque para a linha <strong data-start=\"322\" data-end=\"330\">Ford<\/strong>.<\/p><p data-start=\"333\" data-end=\"540\">Atendemos clientes particulares, oficinas e empresas com um amplo estoque de <strong data-start=\"410\" data-end=\"470\">pe\u00e7as de suspens\u00e3o, freios, motor, el\u00e9trica e muito mais<\/strong>, sempre com qualidade, agilidade e atendimento t\u00e9cnico especializado.<\/p><p data-start=\"542\" data-end=\"701\">Somos refer\u00eancia em <strong data-start=\"562\" data-end=\"587\">autope\u00e7as em Campinas<\/strong>, oferecendo confian\u00e7a, variedade e o melhor custo-benef\u00edcio para quem busca performance e seguran\u00e7a no dia a dia.<\/p>\t\t\t\t\t\t\t\t<\/div>\n\t\t\t\t<\/div>\n\t\t\t\t<div class=\"elementor-element elementor-element-11708ef elementor-align-left elementor-widget elementor-widget-button\" data-id=\"11708ef\" data-element_type=\"widget\" data-e-type=\"widget\" data-widget_type=\"button.default\">\n\t\t\t\t<div class=\"elementor-widget-container\">\n\t\t\t\t\t\t\t\t\t<div class=\"elementor-button-wrapper\">\n\t\t\t\t\t<a class=\"elementor-button elementor-button-link elementor-size-sm\" href=\"https:\/\/autopecasforpecas.com.br\/menu\/contatos\/\">\n\t\t\t\t\t\t<span class=\"elementor-button-content-wrapper\">\n\t\t\t\t\t\t\t\t\t<span class=\"elementor-button-text\">Veja Algumas de Nossas Sou\u00e7\u00f5es<\/span>\n\t\t\t\t\t<\/span>\n\t\t\t\t\t<\/a>\n\t\t\t\t<\/div>\n\t\t\t\t\t\t\t\t<\/div>\n\t\t\t\t<\/div>\n\t\t\t\t<\/div>\n\t\t<div class=\"elementor-element elementor-element-19627cb e-con-full e-flex wpr-particle-no wpr-jarallax-no wpr-parallax-no wpr-sticky-section-no e-con e-child\" data-id=\"19627cb\" data-element_type=\"container\" data-e-type=\"container\">\n\t\t\t\t<div class=\"elementor-element elementor-element-c885a50 elementor-widget elementor-widget-image\" data-id=\"c885a50\" data-element_type=\"widget\" data-e-type=\"widget\" data-widget_type=\"image.default\">\n\t\t\t\t<div class=\"elementor-widget-container\">\n\t\t\t\t\t\t\t\t\t\t\t\t\t\t\t<img fetchpriority=\"high\" decoding=\"async\" width=\"8858\" height=\"3432\" src=\"https:\/\/autopecasforpecas.com.br\/wp-content\/uploads\/2024\/10\/FORPECAS.png\" class=\"attachment-full size-full wp-image-29\" alt=\"\" srcset=\"https:\/\/autopecasforpecas.com.br\/wp-content\/uploads\/2024\/10\/FORPECAS.png 8858w, https:\/\/autopecasforpecas.com.br\/wp-content\/uploads\/2024\/10\/FORPECAS-300x116.png 300w, https:\/\/autopecasforpecas.com.br\/wp-content\/uploads\/2024\/10\/FORPECAS-1024x397.png 1024w, https:\/\/autopecasforpecas.com.br\/wp-content\/uploads\/2024\/10\/FORPECAS-768x298.png 768w, https:\/\/autopecasforpecas.com.br\/wp-content\/uploads\/2024\/10\/FORPECAS-1536x595.png 1536w, https:\/\/autopecasforpecas.com.br\/wp-content\/uploads\/2024\/10\/FORPECAS-2048x793.png 2048w\" sizes=\"(max-width: 8858px) 100vw, 8858px\" \/>\t\t\t\t\t\t\t\t\t\t\t\t\t\t\t<\/div>\n\t\t\t\t<\/div>\n\t\t\t\t<\/div>\n\t\t\t\t\t<\/div>\n\t\t\t\t<\/div>\n\t\t<div class=\"elementor-element elementor-element-b4e0085 e-grid e-con-full wpr-particle-no wpr-jarallax-no wpr-parallax-no wpr-sticky-section-no e-con e-child\" data-id=\"b4e0085\" data-element_type=\"container\" data-e-type=\"container\" data-settings=\"{&quot;background_background&quot;:&quot;classic&quot;}\">\n\t\t\t\t<div class=\"elementor-element elementor-element-450420a elementor-position-top elementor-widget elementor-widget-image-box\" data-id=\"450420a\" data-element_type=\"widget\" data-e-type=\"widget\" data-widget_type=\"image-box.default\">\n\t\t\t\t<div class=\"elementor-widget-container\">\n\t\t\t\t\t<div class=\"elementor-image-box-wrapper\"><figure class=\"elementor-image-box-img\"><img decoding=\"async\" width=\"864\" height=\"1088\" src=\"https:\/\/autopecasforpecas.com.br\/wp-content\/uploads\/2025\/01\/09d041112a.webp\" class=\"attachment-full size-full wp-image-160\" alt=\"\" srcset=\"https:\/\/autopecasforpecas.com.br\/wp-content\/uploads\/2025\/01\/09d041112a.webp 864w, https:\/\/autopecasforpecas.com.br\/wp-content\/uploads\/2025\/01\/09d041112a-238x300.webp 238w, https:\/\/autopecasforpecas.com.br\/wp-content\/uploads\/2025\/01\/09d041112a-813x1024.webp 813w, https:\/\/autopecasforpecas.com.br\/wp-content\/uploads\/2025\/01\/09d041112a-768x967.webp 768w\" sizes=\"(max-width: 864px) 100vw, 864px\" \/><\/figure><div class=\"elementor-image-box-content\"><h3 class=\"elementor-image-box-title\">Kit de Amortecedores<\/h3><p class=\"elementor-image-box-description\">O <strong>Kit de Amortecedores<\/strong>. Reduz impactos, aumenta a ader\u00eancia ao solo e prolonga a vida \u00fatil da suspens\u00e3o<\/p><\/div><\/div>\t\t\t\t<\/div>\n\t\t\t\t<\/div>\n\t\t\t\t<div class=\"elementor-element elementor-element-2992d7b elementor-position-top elementor-widget elementor-widget-image-box\" data-id=\"2992d7b\" data-element_type=\"widget\" data-e-type=\"widget\" data-widget_type=\"image-box.default\">\n\t\t\t\t<div class=\"elementor-widget-container\">\n\t\t\t\t\t<div class=\"elementor-image-box-wrapper\"><figure class=\"elementor-image-box-img\"><img decoding=\"async\" width=\"1200\" height=\"1200\" src=\"https:\/\/autopecasforpecas.com.br\/wp-content\/uploads\/2025\/01\/discos-e-pastilhas.webp\" class=\"attachment-full size-full wp-image-158\" alt=\"\" srcset=\"https:\/\/autopecasforpecas.com.br\/wp-content\/uploads\/2025\/01\/discos-e-pastilhas.webp 1200w, https:\/\/autopecasforpecas.com.br\/wp-content\/uploads\/2025\/01\/discos-e-pastilhas-300x300.webp 300w, https:\/\/autopecasforpecas.com.br\/wp-content\/uploads\/2025\/01\/discos-e-pastilhas-1024x1024.webp 1024w, https:\/\/autopecasforpecas.com.br\/wp-content\/uploads\/2025\/01\/discos-e-pastilhas-150x150.webp 150w, https:\/\/autopecasforpecas.com.br\/wp-content\/uploads\/2025\/01\/discos-e-pastilhas-768x768.webp 768w\" sizes=\"(max-width: 1200px) 100vw, 1200px\" \/><\/figure><div class=\"elementor-image-box-content\"><h3 class=\"elementor-image-box-title\">Discos e Pastilhas<\/h3><p class=\"elementor-image-box-description\">O <strong>kit de Discos e Pastilhas de Freio<\/strong> proporciona frenagem segura e eficiente. Reduza o desgaste irregular e aumente a durabilidade do sistema de freios.<\/p><\/div><\/div>\t\t\t\t<\/div>\n\t\t\t\t<\/div>\n\t\t\t\t<div class=\"elementor-element elementor-element-e4231b1 elementor-position-top elementor-widget elementor-widget-image-box\" data-id=\"e4231b1\" data-element_type=\"widget\" data-e-type=\"widget\" data-widget_type=\"image-box.default\">\n\t\t\t\t<div class=\"elementor-widget-container\">\n\t\t\t\t\t<div class=\"elementor-image-box-wrapper\"><figure class=\"elementor-image-box-img\"><img loading=\"lazy\" decoding=\"async\" width=\"500\" height=\"500\" src=\"https:\/\/autopecasforpecas.com.br\/wp-content\/uploads\/2025\/01\/velas.webp\" class=\"attachment-full size-full wp-image-157\" alt=\"\" srcset=\"https:\/\/autopecasforpecas.com.br\/wp-content\/uploads\/2025\/01\/velas.webp 500w, https:\/\/autopecasforpecas.com.br\/wp-content\/uploads\/2025\/01\/velas-300x300.webp 300w, https:\/\/autopecasforpecas.com.br\/wp-content\/uploads\/2025\/01\/velas-150x150.webp 150w\" sizes=\"(max-width: 500px) 100vw, 500px\" \/><\/figure><div class=\"elementor-image-box-content\"><h3 class=\"elementor-image-box-title\">Velas de Igni\u00e7\u00e3o<\/h3><p class=\"elementor-image-box-description\">Tenha partidas r\u00e1pidas e melhor desempenho com as Velas de Igni\u00e7\u00e3o. Mais economia de combust\u00edvel, queima eficiente e redu\u00e7\u00e3o de falhas no motor<\/p><\/div><\/div>\t\t\t\t<\/div>\n\t\t\t\t<\/div>\n\t\t\t\t<div class=\"elementor-element elementor-element-a09504d elementor-position-top elementor-widget elementor-widget-image-box\" data-id=\"a09504d\" data-element_type=\"widget\" data-e-type=\"widget\" data-widget_type=\"image-box.default\">\n\t\t\t\t<div class=\"elementor-widget-container\">\n\t\t\t\t\t<div class=\"elementor-image-box-wrapper\"><figure class=\"elementor-image-box-img\"><img loading=\"lazy\" decoding=\"async\" width=\"783\" height=\"762\" src=\"https:\/\/autopecasforpecas.com.br\/wp-content\/uploads\/2025\/01\/Buchas.webp\" class=\"attachment-full size-full wp-image-162\" alt=\"\" srcset=\"https:\/\/autopecasforpecas.com.br\/wp-content\/uploads\/2025\/01\/Buchas.webp 783w, https:\/\/autopecasforpecas.com.br\/wp-content\/uploads\/2025\/01\/Buchas-300x292.webp 300w, https:\/\/autopecasforpecas.com.br\/wp-content\/uploads\/2025\/01\/Buchas-768x747.webp 768w\" sizes=\"(max-width: 783px) 100vw, 783px\" \/><\/figure><div class=\"elementor-image-box-content\"><h3 class=\"elementor-image-box-title\">Buchas de Suspens\u00e3o<\/h3><p class=\"elementor-image-box-description\">As <strong>Buchas de Suspens\u00e3o<\/strong> absorvem impactos e reduzem ru\u00eddos, garantindo mais conforto, estabilidade e menor desgaste das pe\u00e7as do ve\u00edculo.<\/p><\/div><\/div>\t\t\t\t<\/div>\n\t\t\t\t<\/div>\n\t\t\t\t<div class=\"elementor-element elementor-element-bcb4c7f elementor-position-top elementor-widget elementor-widget-image-box\" data-id=\"bcb4c7f\" data-element_type=\"widget\" data-e-type=\"widget\" data-widget_type=\"image-box.default\">\n\t\t\t\t<div class=\"elementor-widget-container\">\n\t\t\t\t\t<div class=\"elementor-image-box-wrapper\"><figure class=\"elementor-image-box-img\"><img loading=\"lazy\" decoding=\"async\" width=\"800\" height=\"800\" src=\"https:\/\/autopecasforpecas.com.br\/wp-content\/uploads\/2025\/02\/correia-do-alternador-original-ford-ka-1-0-3-cilindros-2014-2015-2016-2017-2018-2019-shsllo.webp\" class=\"attachment-full size-full wp-image-172\" alt=\"\" srcset=\"https:\/\/autopecasforpecas.com.br\/wp-content\/uploads\/2025\/02\/correia-do-alternador-original-ford-ka-1-0-3-cilindros-2014-2015-2016-2017-2018-2019-shsllo.webp 800w, https:\/\/autopecasforpecas.com.br\/wp-content\/uploads\/2025\/02\/correia-do-alternador-original-ford-ka-1-0-3-cilindros-2014-2015-2016-2017-2018-2019-shsllo-300x300.webp 300w, https:\/\/autopecasforpecas.com.br\/wp-content\/uploads\/2025\/02\/correia-do-alternador-original-ford-ka-1-0-3-cilindros-2014-2015-2016-2017-2018-2019-shsllo-150x150.webp 150w, https:\/\/autopecasforpecas.com.br\/wp-content\/uploads\/2025\/02\/correia-do-alternador-original-ford-ka-1-0-3-cilindros-2014-2015-2016-2017-2018-2019-shsllo-768x768.webp 768w\" sizes=\"(max-width: 800px) 100vw, 800px\" \/><\/figure><div class=\"elementor-image-box-content\"><h3 class=\"elementor-image-box-title\">Correias<\/h3><p class=\"elementor-image-box-description\">As <strong>Correias Automotivas<\/strong> garantem o funcionamento eficiente do motor, alternador e outros sistemas do ve\u00edculo. Evite falhas e quebras com correias de alta durabilidade.<\/p><\/div><\/div>\t\t\t\t<\/div>\n\t\t\t\t<\/div>\n\t\t\t\t<div class=\"elementor-element elementor-element-72de081 elementor-position-top elementor-widget elementor-widget-image-box\" data-id=\"72de081\" data-element_type=\"widget\" data-e-type=\"widget\" data-widget_type=\"image-box.default\">\n\t\t\t\t<div class=\"elementor-widget-container\">\n\t\t\t\t\t<div class=\"elementor-image-box-wrapper\"><figure class=\"elementor-image-box-img\"><img loading=\"lazy\" decoding=\"async\" width=\"500\" height=\"500\" src=\"https:\/\/autopecasforpecas.com.br\/wp-content\/uploads\/2025\/02\/kit_de_embreagem_ford_ranger_4x2_motor_2_5_2012_a_2017_flex_luk_6253044000_1117_1_9fe29752a5b8dd6b4ecaef6ff15cfbad.webp\" class=\"attachment-full size-full wp-image-173\" alt=\"\" srcset=\"https:\/\/autopecasforpecas.com.br\/wp-content\/uploads\/2025\/02\/kit_de_embreagem_ford_ranger_4x2_motor_2_5_2012_a_2017_flex_luk_6253044000_1117_1_9fe29752a5b8dd6b4ecaef6ff15cfbad.webp 500w, https:\/\/autopecasforpecas.com.br\/wp-content\/uploads\/2025\/02\/kit_de_embreagem_ford_ranger_4x2_motor_2_5_2012_a_2017_flex_luk_6253044000_1117_1_9fe29752a5b8dd6b4ecaef6ff15cfbad-300x300.webp 300w, https:\/\/autopecasforpecas.com.br\/wp-content\/uploads\/2025\/02\/kit_de_embreagem_ford_ranger_4x2_motor_2_5_2012_a_2017_flex_luk_6253044000_1117_1_9fe29752a5b8dd6b4ecaef6ff15cfbad-150x150.webp 150w\" sizes=\"(max-width: 500px) 100vw, 500px\" \/><\/figure><div class=\"elementor-image-box-content\"><h3 class=\"elementor-image-box-title\">Kit de Embreagem<\/h3><p class=\"elementor-image-box-description\">O <strong>Kit de Embreagem<\/strong> garante trocas de marcha suaves, melhor desempenho e maior durabilidade do sistema de transmiss\u00e3o. Evite patina\u00e7\u00e3o e ru\u00eddos com um kit de alta qualidade.<\/p><\/div><\/div>\t\t\t\t<\/div>\n\t\t\t\t<\/div>\n\t\t\t\t<\/div>\n\t\t\t\t<\/div>\n\t\t","protected":false},"excerpt":{"rendered":"<p>Sobre N\u00f3s Sobre N\u00f3s Loja de Autope\u00e7as em CAMPINAS Com mais de 33 anos de experi\u00eancia em Campinas, a Forpe\u00e7as \u00e9 especialista na venda de pe\u00e7as automotivas nacionais e importadas, com destaque para a linha Ford. Atendemos clientes particulares, oficinas e empresas com um amplo estoque de pe\u00e7as de suspens\u00e3o, freios, motor, el\u00e9trica e muito mais, sempre com qualidade, agilidade e atendimento t\u00e9cnico especializado. Somos refer\u00eancia em autope\u00e7as em Campinas, oferecendo confian\u00e7a, variedade e o melhor custo-benef\u00edcio para quem busca performance e seguran\u00e7a no dia a dia. Veja Algumas de Nossas Sou\u00e7\u00f5es Kit de Amortecedores O Kit de Amortecedores. Reduz impactos, aumenta a ader\u00eancia ao solo e prolonga a vida \u00fatil da suspens\u00e3o Discos e Pastilhas O kit de Discos e Pastilhas de Freio proporciona frenagem segura e eficiente. Reduza o desgaste irregular e aumente a durabilidade do sistema de freios. Velas de Igni\u00e7\u00e3o Tenha partidas r\u00e1pidas e melhor desempenho com as Velas de Igni\u00e7\u00e3o. Mais economia de combust\u00edvel, queima eficiente e redu\u00e7\u00e3o de falhas no motor Buchas de Suspens\u00e3o As Buchas de Suspens\u00e3o absorvem impactos e reduzem ru\u00eddos, garantindo mais conforto, estabilidade e menor desgaste das pe\u00e7as do ve\u00edculo. Correias As Correias Automotivas garantem o funcionamento eficiente do motor, alternador e outros sistemas do ve\u00edculo. Evite falhas e quebras com correias de alta durabilidade. Kit de Embreagem O Kit de Embreagem garante trocas de marcha suaves, melhor desempenho e maior durabilidade do sistema de transmiss\u00e3o. Evite patina\u00e7\u00e3o e ru\u00eddos com um kit de alta qualidade.<\/p>\n","protected":false},"author":1,"featured_media":0,"parent":0,"menu_order":0,"comment_status":"closed","ping_status":"closed","template":"elementor_header_footer","meta":{"footnotes":""},"class_list":["post-44","page","type-page","status-publish","hentry"],"_links":{"self":[{"href":"https:\/\/autopecasforpecas.com.br\/menu\/wp-json\/wp\/v2\/pages\/44"}],"collection":[{"href":"https:\/\/autopecasforpecas.com.br\/menu\/wp-json\/wp\/v2\/pages"}],"about":[{"href":"https:\/\/autopecasforpecas.com.br\/menu\/wp-json\/wp\/v2\/types\/page"}],"author":[{"embeddable":true,"href":"https:\/\/autopecasforpecas.com.br\/menu\/wp-json\/wp\/v2\/users\/1"}],"replies":[{"embeddable":true,"href":"https:\/\/autopecasforpecas.com.br\/menu\/wp-json\/wp\/v2\/comments?post=44"}],"version-history":[{"count":13,"href":"https:\/\/autopecasforpecas.com.br\/menu\/wp-json\/wp\/v2\/pages\/44\/revisions"}],"predecessor-version":[{"id":279,"href":"https:\/\/autopecasforpecas.com.br\/menu\/wp-json\/wp\/v2\/pages\/44\/revisions\/279"}],"wp:attachment":[{"href":"https:\/\/autopecasforpecas.com.br\/menu\/wp-json\/wp\/v2\/media?parent=44"}],"curies":[{"name":"wp","href":"https:\/\/api.w.org\/{rel}","templated":true}]}}