{"id":48,"date":"2025-01-21T00:48:52","date_gmt":"2025-01-21T00:48:52","guid":{"rendered":"https:\/\/autopecasforpecas.com.br\/menu\/?page_id=48"},"modified":"2025-06-26T02:24:59","modified_gmt":"2025-06-26T02:24:59","slug":"produtos","status":"publish","type":"page","link":"https:\/\/autopecasforpecas.com.br\/menu\/produtos\/","title":{"rendered":"Produtos"},"content":{"rendered":"\t\t<div data-elementor-type=\"wp-page\" data-elementor-id=\"48\" class=\"elementor elementor-48\">\n\t\t\t\t<div class=\"elementor-element elementor-element-0412801 e-flex e-con-boxed wpr-particle-no wpr-jarallax-no wpr-parallax-no wpr-sticky-section-no e-con e-parent\" data-id=\"0412801\" data-element_type=\"container\" data-e-type=\"container\" data-settings=\"{&quot;background_background&quot;:&quot;classic&quot;,&quot;shape_divider_top&quot;:&quot;curve&quot;,&quot;shape_divider_top_negative&quot;:&quot;yes&quot;}\">\n\t\t\t\t\t<div class=\"e-con-inner\">\n\t\t\t\t<div class=\"elementor-shape elementor-shape-top\" aria-hidden=\"true\" data-negative=\"true\">\n\t\t\t<svg xmlns=\"http:\/\/www.w3.org\/2000\/svg\" viewBox=\"0 0 1000 100\" preserveAspectRatio=\"none\">\n\t<path class=\"elementor-shape-fill\" d=\"M500,97C126.7,96.3,0.8,19.8,0,0v100l1000,0V1C1000,19.4,873.3,97.8,500,97z\"\/>\n<\/svg>\t\t<\/div>\n\t\t\t\t<div class=\"elementor-element elementor-element-4defc63 elementor-widget-mobile__width-initial elementor-widget elementor-widget-heading\" data-id=\"4defc63\" data-element_type=\"widget\" data-e-type=\"widget\" data-widget_type=\"heading.default\">\n\t\t\t\t<div class=\"elementor-widget-container\">\n\t\t\t\t\t<h2 class=\"elementor-heading-title elementor-size-default\">nossos produtos<\/h2>\t\t\t\t<\/div>\n\t\t\t\t<\/div>\n\t\t\t\t<div class=\"elementor-element elementor-element-cd58cb0 elementor-widget elementor-widget-heading\" data-id=\"cd58cb0\" data-element_type=\"widget\" data-e-type=\"widget\" data-widget_type=\"heading.default\">\n\t\t\t\t<div class=\"elementor-widget-container\">\n\t\t\t\t\t<h2 class=\"elementor-heading-title elementor-size-default\">Pe\u00e7as Automotivas e Acess\u00f3rios<\/h2>\t\t\t\t<\/div>\n\t\t\t\t<\/div>\n\t\t\t\t\t<\/div>\n\t\t\t\t<\/div>\n\t\t<div class=\"elementor-element elementor-element-191410d e-flex e-con-boxed wpr-particle-no wpr-jarallax-no wpr-parallax-no wpr-sticky-section-no e-con e-parent\" data-id=\"191410d\" data-element_type=\"container\" data-e-type=\"container\">\n\t\t\t\t\t<div class=\"e-con-inner\">\n\t\t\t\t<div class=\"elementor-element elementor-element-8f1ca23 animated-slow elementor-widget-mobile__width-initial elementor-invisible elementor-widget elementor-widget-image\" data-id=\"8f1ca23\" data-element_type=\"widget\" data-e-type=\"widget\" data-settings=\"{&quot;_animation&quot;:&quot;slideInLeft&quot;}\" data-widget_type=\"image.default\">\n\t\t\t\t<div class=\"elementor-widget-container\">\n\t\t\t\t\t\t\t\t\t\t\t\t\t\t\t<img fetchpriority=\"high\" decoding=\"async\" width=\"800\" height=\"269\" src=\"https:\/\/autopecasforpecas.com.br\/wp-content\/uploads\/2025\/01\/produtos-1024x344.png\" class=\"attachment-large size-large wp-image-149\" alt=\"\" srcset=\"https:\/\/autopecasforpecas.com.br\/wp-content\/uploads\/2025\/01\/produtos-1024x344.png 1024w, https:\/\/autopecasforpecas.com.br\/wp-content\/uploads\/2025\/01\/produtos-300x101.png 300w, https:\/\/autopecasforpecas.com.br\/wp-content\/uploads\/2025\/01\/produtos-768x258.png 768w, https:\/\/autopecasforpecas.com.br\/wp-content\/uploads\/2025\/01\/produtos-1536x516.png 1536w, https:\/\/autopecasforpecas.com.br\/wp-content\/uploads\/2025\/01\/produtos-2048x687.png 2048w\" sizes=\"(max-width: 800px) 100vw, 800px\" \/>\t\t\t\t\t\t\t\t\t\t\t\t\t\t\t<\/div>\n\t\t\t\t<\/div>\n\t\t\t\t\t<\/div>\n\t\t\t\t<\/div>\n\t\t<div class=\"elementor-element elementor-element-e3de77e e-flex e-con-boxed wpr-particle-no wpr-jarallax-no wpr-parallax-no wpr-sticky-section-no e-con e-parent\" data-id=\"e3de77e\" data-element_type=\"container\" data-e-type=\"container\">\n\t\t\t\t\t<div class=\"e-con-inner\">\n\t\t\t\t<div class=\"elementor-element elementor-element-3623a35 elementor-align-center elementor-widget elementor-widget-button\" data-id=\"3623a35\" data-element_type=\"widget\" data-e-type=\"widget\" data-widget_type=\"button.default\">\n\t\t\t\t<div class=\"elementor-widget-container\">\n\t\t\t\t\t\t\t\t\t<div class=\"elementor-button-wrapper\">\n\t\t\t\t\t<a class=\"elementor-button elementor-button-link elementor-size-sm elementor-animation-shrink\" href=\"https:\/\/api.whatsapp.com\/send\/?phone=5519974104531&#038;text=Oi+Forpe%C3%A7as%2C+vim+pelo+site%21+Gostaria+de+or%C3%A7amento.&#038;type=phone_number&#038;app_absent=0\">\n\t\t\t\t\t\t<span class=\"elementor-button-content-wrapper\">\n\t\t\t\t\t\t<span class=\"elementor-button-icon\">\n\t\t\t\t<svg aria-hidden=\"true\" class=\"e-font-icon-svg e-fab-whatsapp\" viewBox=\"0 0 448 512\" xmlns=\"http:\/\/www.w3.org\/2000\/svg\"><path d=\"M380.9 97.1C339 55.1 283.2 32 223.9 32c-122.4 0-222 99.6-222 222 0 39.1 10.2 77.3 29.6 111L0 480l117.7-30.9c32.4 17.7 68.9 27 106.1 27h.1c122.3 0 224.1-99.6 224.1-222 0-59.3-25.2-115-67.1-157zm-157 341.6c-33.2 0-65.7-8.9-94-25.7l-6.7-4-69.8 18.3L72 359.2l-4.4-7c-18.5-29.4-28.2-63.3-28.2-98.2 0-101.7 82.8-184.5 184.6-184.5 49.3 0 95.6 19.2 130.4 54.1 34.8 34.9 56.2 81.2 56.1 130.5 0 101.8-84.9 184.6-186.6 184.6zm101.2-138.2c-5.5-2.8-32.8-16.2-37.9-18-5.1-1.9-8.8-2.8-12.5 2.8-3.7 5.6-14.3 18-17.6 21.8-3.2 3.7-6.5 4.2-12 1.4-32.6-16.3-54-29.1-75.5-66-5.7-9.8 5.7-9.1 16.3-30.3 1.8-3.7.9-6.9-.5-9.7-1.4-2.8-12.5-30.1-17.1-41.2-4.5-10.8-9.1-9.3-12.5-9.5-3.2-.2-6.9-.2-10.6-.2-3.7 0-9.7 1.4-14.8 6.9-5.1 5.6-19.4 19-19.4 46.3 0 27.3 19.9 53.7 22.6 57.4 2.8 3.7 39.1 59.7 94.8 83.8 35.2 15.2 49 16.5 66.6 13.9 10.7-1.6 32.8-13.4 37.4-26.4 4.6-13 4.6-24.1 3.2-26.4-1.3-2.5-5-3.9-10.5-6.6z\"><\/path><\/svg>\t\t\t<\/span>\n\t\t\t\t\t\t\t\t\t<span class=\"elementor-button-text\">Entre em Contato<\/span>\n\t\t\t\t\t<\/span>\n\t\t\t\t\t<\/a>\n\t\t\t\t<\/div>\n\t\t\t\t\t\t\t\t<\/div>\n\t\t\t\t<\/div>\n\t\t\t\t\t<\/div>\n\t\t\t\t<\/div>\n\t\t<div class=\"elementor-element elementor-element-e86685d e-grid e-con-full wpr-particle-no wpr-jarallax-no wpr-parallax-no wpr-sticky-section-no e-con e-child\" data-id=\"e86685d\" data-element_type=\"container\" data-e-type=\"container\" data-settings=\"{&quot;background_background&quot;:&quot;classic&quot;}\">\n\t\t\t\t<div class=\"elementor-element elementor-element-675d25d elementor-position-top elementor-widget elementor-widget-image-box\" data-id=\"675d25d\" data-element_type=\"widget\" data-e-type=\"widget\" data-widget_type=\"image-box.default\">\n\t\t\t\t<div class=\"elementor-widget-container\">\n\t\t\t\t\t<div class=\"elementor-image-box-wrapper\"><figure class=\"elementor-image-box-img\"><img decoding=\"async\" width=\"864\" height=\"1088\" src=\"https:\/\/autopecasforpecas.com.br\/wp-content\/uploads\/2025\/01\/09d041112a.webp\" class=\"attachment-full size-full wp-image-160\" alt=\"\" srcset=\"https:\/\/autopecasforpecas.com.br\/wp-content\/uploads\/2025\/01\/09d041112a.webp 864w, https:\/\/autopecasforpecas.com.br\/wp-content\/uploads\/2025\/01\/09d041112a-238x300.webp 238w, https:\/\/autopecasforpecas.com.br\/wp-content\/uploads\/2025\/01\/09d041112a-813x1024.webp 813w, https:\/\/autopecasforpecas.com.br\/wp-content\/uploads\/2025\/01\/09d041112a-768x967.webp 768w\" sizes=\"(max-width: 864px) 100vw, 864px\" \/><\/figure><div class=\"elementor-image-box-content\"><h3 class=\"elementor-image-box-title\">Kit de Amortecedores<\/h3><p class=\"elementor-image-box-description\">O <strong>Kit de Amortecedores<\/strong>. Reduz impactos, aumenta a ader\u00eancia ao solo e prolonga a vida \u00fatil da suspens\u00e3o<\/p><\/div><\/div>\t\t\t\t<\/div>\n\t\t\t\t<\/div>\n\t\t\t\t<div class=\"elementor-element elementor-element-7407d9f elementor-position-top elementor-widget elementor-widget-image-box\" data-id=\"7407d9f\" data-element_type=\"widget\" data-e-type=\"widget\" data-widget_type=\"image-box.default\">\n\t\t\t\t<div class=\"elementor-widget-container\">\n\t\t\t\t\t<div class=\"elementor-image-box-wrapper\"><figure class=\"elementor-image-box-img\"><img decoding=\"async\" width=\"1200\" height=\"1200\" src=\"https:\/\/autopecasforpecas.com.br\/wp-content\/uploads\/2025\/01\/discos-e-pastilhas.webp\" class=\"attachment-full size-full wp-image-158\" alt=\"\" srcset=\"https:\/\/autopecasforpecas.com.br\/wp-content\/uploads\/2025\/01\/discos-e-pastilhas.webp 1200w, https:\/\/autopecasforpecas.com.br\/wp-content\/uploads\/2025\/01\/discos-e-pastilhas-300x300.webp 300w, https:\/\/autopecasforpecas.com.br\/wp-content\/uploads\/2025\/01\/discos-e-pastilhas-1024x1024.webp 1024w, https:\/\/autopecasforpecas.com.br\/wp-content\/uploads\/2025\/01\/discos-e-pastilhas-150x150.webp 150w, https:\/\/autopecasforpecas.com.br\/wp-content\/uploads\/2025\/01\/discos-e-pastilhas-768x768.webp 768w\" sizes=\"(max-width: 1200px) 100vw, 1200px\" \/><\/figure><div class=\"elementor-image-box-content\"><h3 class=\"elementor-image-box-title\">Discos e Pastilhas<\/h3><p class=\"elementor-image-box-description\">O <strong>kit de Discos e Pastilhas de Freio<\/strong> proporciona frenagem segura e eficiente. Reduza o desgaste irregular e aumente a durabilidade do sistema de freios.<\/p><\/div><\/div>\t\t\t\t<\/div>\n\t\t\t\t<\/div>\n\t\t\t\t<div class=\"elementor-element elementor-element-4714f4a elementor-position-top elementor-widget elementor-widget-image-box\" data-id=\"4714f4a\" data-element_type=\"widget\" data-e-type=\"widget\" data-widget_type=\"image-box.default\">\n\t\t\t\t<div class=\"elementor-widget-container\">\n\t\t\t\t\t<div class=\"elementor-image-box-wrapper\"><figure class=\"elementor-image-box-img\"><img loading=\"lazy\" decoding=\"async\" width=\"500\" height=\"500\" src=\"https:\/\/autopecasforpecas.com.br\/wp-content\/uploads\/2025\/01\/velas.webp\" class=\"attachment-full size-full wp-image-157\" alt=\"\" srcset=\"https:\/\/autopecasforpecas.com.br\/wp-content\/uploads\/2025\/01\/velas.webp 500w, https:\/\/autopecasforpecas.com.br\/wp-content\/uploads\/2025\/01\/velas-300x300.webp 300w, https:\/\/autopecasforpecas.com.br\/wp-content\/uploads\/2025\/01\/velas-150x150.webp 150w\" sizes=\"(max-width: 500px) 100vw, 500px\" \/><\/figure><div class=\"elementor-image-box-content\"><h3 class=\"elementor-image-box-title\">Velas de Igni\u00e7\u00e3o<\/h3><p class=\"elementor-image-box-description\">Tenha partidas r\u00e1pidas e melhor desempenho com as Velas de Igni\u00e7\u00e3o. Mais economia de combust\u00edvel, queima eficiente e redu\u00e7\u00e3o de falhas no motor<\/p><\/div><\/div>\t\t\t\t<\/div>\n\t\t\t\t<\/div>\n\t\t\t\t<div class=\"elementor-element elementor-element-6b06e4b elementor-position-top elementor-widget elementor-widget-image-box\" data-id=\"6b06e4b\" data-element_type=\"widget\" data-e-type=\"widget\" data-widget_type=\"image-box.default\">\n\t\t\t\t<div class=\"elementor-widget-container\">\n\t\t\t\t\t<div class=\"elementor-image-box-wrapper\"><figure class=\"elementor-image-box-img\"><img loading=\"lazy\" decoding=\"async\" width=\"783\" height=\"762\" src=\"https:\/\/autopecasforpecas.com.br\/wp-content\/uploads\/2025\/01\/Buchas.webp\" class=\"attachment-full size-full wp-image-162\" alt=\"\" srcset=\"https:\/\/autopecasforpecas.com.br\/wp-content\/uploads\/2025\/01\/Buchas.webp 783w, https:\/\/autopecasforpecas.com.br\/wp-content\/uploads\/2025\/01\/Buchas-300x292.webp 300w, https:\/\/autopecasforpecas.com.br\/wp-content\/uploads\/2025\/01\/Buchas-768x747.webp 768w\" sizes=\"(max-width: 783px) 100vw, 783px\" \/><\/figure><div class=\"elementor-image-box-content\"><h3 class=\"elementor-image-box-title\">Buchas de Suspens\u00e3o<\/h3><p class=\"elementor-image-box-description\">As <strong>Buchas de Suspens\u00e3o<\/strong> absorvem impactos e reduzem ru\u00eddos, garantindo mais conforto, estabilidade e menor desgaste das pe\u00e7as do ve\u00edculo.<\/p><\/div><\/div>\t\t\t\t<\/div>\n\t\t\t\t<\/div>\n\t\t\t\t<div class=\"elementor-element elementor-element-ada4090 elementor-position-top elementor-widget elementor-widget-image-box\" data-id=\"ada4090\" data-element_type=\"widget\" data-e-type=\"widget\" data-widget_type=\"image-box.default\">\n\t\t\t\t<div class=\"elementor-widget-container\">\n\t\t\t\t\t<div class=\"elementor-image-box-wrapper\"><figure class=\"elementor-image-box-img\"><img loading=\"lazy\" decoding=\"async\" width=\"800\" height=\"800\" src=\"https:\/\/autopecasforpecas.com.br\/wp-content\/uploads\/2025\/02\/correia-do-alternador-original-ford-ka-1-0-3-cilindros-2014-2015-2016-2017-2018-2019-shsllo.webp\" class=\"attachment-full size-full wp-image-172\" alt=\"\" srcset=\"https:\/\/autopecasforpecas.com.br\/wp-content\/uploads\/2025\/02\/correia-do-alternador-original-ford-ka-1-0-3-cilindros-2014-2015-2016-2017-2018-2019-shsllo.webp 800w, https:\/\/autopecasforpecas.com.br\/wp-content\/uploads\/2025\/02\/correia-do-alternador-original-ford-ka-1-0-3-cilindros-2014-2015-2016-2017-2018-2019-shsllo-300x300.webp 300w, https:\/\/autopecasforpecas.com.br\/wp-content\/uploads\/2025\/02\/correia-do-alternador-original-ford-ka-1-0-3-cilindros-2014-2015-2016-2017-2018-2019-shsllo-150x150.webp 150w, https:\/\/autopecasforpecas.com.br\/wp-content\/uploads\/2025\/02\/correia-do-alternador-original-ford-ka-1-0-3-cilindros-2014-2015-2016-2017-2018-2019-shsllo-768x768.webp 768w\" sizes=\"(max-width: 800px) 100vw, 800px\" \/><\/figure><div class=\"elementor-image-box-content\"><h3 class=\"elementor-image-box-title\">Correias<\/h3><p class=\"elementor-image-box-description\">As <strong>Correias Automotivas<\/strong> garantem o funcionamento eficiente do motor, alternador e outros sistemas do ve\u00edculo. Evite falhas e quebras com correias de alta durabilidade.<\/p><\/div><\/div>\t\t\t\t<\/div>\n\t\t\t\t<\/div>\n\t\t\t\t<div class=\"elementor-element elementor-element-a05f62c elementor-position-top elementor-widget elementor-widget-image-box\" data-id=\"a05f62c\" data-element_type=\"widget\" data-e-type=\"widget\" data-widget_type=\"image-box.default\">\n\t\t\t\t<div class=\"elementor-widget-container\">\n\t\t\t\t\t<div class=\"elementor-image-box-wrapper\"><figure class=\"elementor-image-box-img\"><img loading=\"lazy\" decoding=\"async\" width=\"500\" height=\"500\" src=\"https:\/\/autopecasforpecas.com.br\/wp-content\/uploads\/2025\/02\/kit_de_embreagem_ford_ranger_4x2_motor_2_5_2012_a_2017_flex_luk_6253044000_1117_1_9fe29752a5b8dd6b4ecaef6ff15cfbad.webp\" class=\"attachment-full size-full wp-image-173\" alt=\"\" srcset=\"https:\/\/autopecasforpecas.com.br\/wp-content\/uploads\/2025\/02\/kit_de_embreagem_ford_ranger_4x2_motor_2_5_2012_a_2017_flex_luk_6253044000_1117_1_9fe29752a5b8dd6b4ecaef6ff15cfbad.webp 500w, https:\/\/autopecasforpecas.com.br\/wp-content\/uploads\/2025\/02\/kit_de_embreagem_ford_ranger_4x2_motor_2_5_2012_a_2017_flex_luk_6253044000_1117_1_9fe29752a5b8dd6b4ecaef6ff15cfbad-300x300.webp 300w, https:\/\/autopecasforpecas.com.br\/wp-content\/uploads\/2025\/02\/kit_de_embreagem_ford_ranger_4x2_motor_2_5_2012_a_2017_flex_luk_6253044000_1117_1_9fe29752a5b8dd6b4ecaef6ff15cfbad-150x150.webp 150w\" sizes=\"(max-width: 500px) 100vw, 500px\" \/><\/figure><div class=\"elementor-image-box-content\"><h3 class=\"elementor-image-box-title\">Kit de Embreagem<\/h3><p class=\"elementor-image-box-description\">O <strong>Kit de Embreagem<\/strong> garante trocas de marcha suaves, melhor desempenho e maior durabilidade do sistema de transmiss\u00e3o. Evite patina\u00e7\u00e3o e ru\u00eddos com um kit de alta qualidade.<\/p><\/div><\/div>\t\t\t\t<\/div>\n\t\t\t\t<\/div>\n\t\t<div class=\"elementor-element elementor-element-5da7559 e-con-full e-flex wpr-particle-no wpr-jarallax-no wpr-parallax-no wpr-sticky-section-no e-con e-child\" data-id=\"5da7559\" data-element_type=\"container\" data-e-type=\"container\">\n\t\t\t\t<div class=\"elementor-element elementor-element-ea14632 elementor-view-stacked elementor-fixed elementor-shape-circle elementor-invisible elementor-widget elementor-widget-icon\" data-id=\"ea14632\" data-element_type=\"widget\" data-e-type=\"widget\" data-settings=\"{&quot;_position&quot;:&quot;fixed&quot;,&quot;_animation&quot;:&quot;bounceInDown&quot;}\" data-widget_type=\"icon.default\">\n\t\t\t\t<div class=\"elementor-widget-container\">\n\t\t\t\t\t\t\t<div class=\"elementor-icon-wrapper\">\n\t\t\t<a class=\"elementor-icon\" href=\"https:\/\/www.instagram.com\/for_pecas\/\">\n\t\t\t<svg aria-hidden=\"true\" class=\"e-font-icon-svg e-fab-whatsapp\" viewBox=\"0 0 448 512\" xmlns=\"http:\/\/www.w3.org\/2000\/svg\"><path d=\"M380.9 97.1C339 55.1 283.2 32 223.9 32c-122.4 0-222 99.6-222 222 0 39.1 10.2 77.3 29.6 111L0 480l117.7-30.9c32.4 17.7 68.9 27 106.1 27h.1c122.3 0 224.1-99.6 224.1-222 0-59.3-25.2-115-67.1-157zm-157 341.6c-33.2 0-65.7-8.9-94-25.7l-6.7-4-69.8 18.3L72 359.2l-4.4-7c-18.5-29.4-28.2-63.3-28.2-98.2 0-101.7 82.8-184.5 184.6-184.5 49.3 0 95.6 19.2 130.4 54.1 34.8 34.9 56.2 81.2 56.1 130.5 0 101.8-84.9 184.6-186.6 184.6zm101.2-138.2c-5.5-2.8-32.8-16.2-37.9-18-5.1-1.9-8.8-2.8-12.5 2.8-3.7 5.6-14.3 18-17.6 21.8-3.2 3.7-6.5 4.2-12 1.4-32.6-16.3-54-29.1-75.5-66-5.7-9.8 5.7-9.1 16.3-30.3 1.8-3.7.9-6.9-.5-9.7-1.4-2.8-12.5-30.1-17.1-41.2-4.5-10.8-9.1-9.3-12.5-9.5-3.2-.2-6.9-.2-10.6-.2-3.7 0-9.7 1.4-14.8 6.9-5.1 5.6-19.4 19-19.4 46.3 0 27.3 19.9 53.7 22.6 57.4 2.8 3.7 39.1 59.7 94.8 83.8 35.2 15.2 49 16.5 66.6 13.9 10.7-1.6 32.8-13.4 37.4-26.4 4.6-13 4.6-24.1 3.2-26.4-1.3-2.5-5-3.9-10.5-6.6z\"><\/path><\/svg>\t\t\t<\/a>\n\t\t<\/div>\n\t\t\t\t\t\t<\/div>\n\t\t\t\t<\/div>\n\t\t\t\t<\/div>\n\t\t\t\t<\/div>\n\t\t<div class=\"elementor-element elementor-element-84c780d e-con-full e-flex wpr-particle-no wpr-jarallax-no wpr-parallax-no wpr-sticky-section-no e-con e-parent\" data-id=\"84c780d\" data-element_type=\"container\" data-e-type=\"container\" data-settings=\"{&quot;background_background&quot;:&quot;classic&quot;}\">\n\t\t\t\t<div class=\"elementor-element elementor-element-d6afc83 elementor-widget elementor-widget-heading\" data-id=\"d6afc83\" data-element_type=\"widget\" data-e-type=\"widget\" data-widget_type=\"heading.default\">\n\t\t\t\t<div class=\"elementor-widget-container\">\n\t\t\t\t\t<h2 class=\"elementor-heading-title elementor-size-default\">nossas solu\u00e7\u00f5es<\/h2>\t\t\t\t<\/div>\n\t\t\t\t<\/div>\n\t\t\t\t<div class=\"elementor-element elementor-element-ef4f9b7 elementor-arrows-position-inside elementor-widget elementor-widget-image-carousel\" data-id=\"ef4f9b7\" data-element_type=\"widget\" data-e-type=\"widget\" data-settings=\"{&quot;slides_to_show&quot;:&quot;3&quot;,&quot;navigation&quot;:&quot;arrows&quot;,&quot;autoplay_speed&quot;:50,&quot;speed&quot;:5000,&quot;autoplay&quot;:&quot;yes&quot;,&quot;pause_on_hover&quot;:&quot;yes&quot;,&quot;pause_on_interaction&quot;:&quot;yes&quot;,&quot;infinite&quot;:&quot;yes&quot;}\" data-widget_type=\"image-carousel.default\">\n\t\t\t\t<div class=\"elementor-widget-container\">\n\t\t\t\t\t\t\t<div class=\"elementor-image-carousel-wrapper swiper\" role=\"region\" aria-roledescription=\"carousel\" aria-label=\"Carrossel de imagens\" dir=\"ltr\">\n\t\t\t<div class=\"elementor-image-carousel swiper-wrapper swiper-image-stretch\" aria-live=\"off\">\n\t\t\t\t\t\t\t\t<div class=\"swiper-slide\" role=\"group\" aria-roledescription=\"slide\" aria-label=\"1 de 7\"><figure class=\"swiper-slide-inner\"><img decoding=\"async\" class=\"swiper-slide-image\" src=\"https:\/\/autopecasforpecas.com.br\/wp-content\/uploads\/2025\/02\/IMG_20210415_163330036_HDR2.jpg\" alt=\"IMG_20210415_163330036_HDR~2\" \/><\/figure><\/div><div class=\"swiper-slide\" role=\"group\" aria-roledescription=\"slide\" aria-label=\"2 de 7\"><figure class=\"swiper-slide-inner\"><img decoding=\"async\" class=\"swiper-slide-image\" src=\"https:\/\/autopecasforpecas.com.br\/wp-content\/uploads\/2025\/02\/2020-01-15.jpg\" alt=\"2020-01-15\" \/><\/figure><\/div><div class=\"swiper-slide\" role=\"group\" aria-roledescription=\"slide\" aria-label=\"3 de 7\"><figure class=\"swiper-slide-inner\"><img decoding=\"async\" class=\"swiper-slide-image\" src=\"https:\/\/autopecasforpecas.com.br\/wp-content\/uploads\/2025\/02\/IMG_20230323_1508523802.jpg\" alt=\"IMG_20230323_150852380~2\" \/><\/figure><\/div><div class=\"swiper-slide\" role=\"group\" aria-roledescription=\"slide\" aria-label=\"4 de 7\"><figure class=\"swiper-slide-inner\"><img decoding=\"async\" class=\"swiper-slide-image\" src=\"https:\/\/autopecasforpecas.com.br\/wp-content\/uploads\/2025\/02\/IMG_20210504_1419474022.jpg\" alt=\"IMG_20210504_141947402~2\" \/><\/figure><\/div><div class=\"swiper-slide\" role=\"group\" aria-roledescription=\"slide\" aria-label=\"5 de 7\"><figure class=\"swiper-slide-inner\"><img decoding=\"async\" class=\"swiper-slide-image\" src=\"https:\/\/autopecasforpecas.com.br\/wp-content\/uploads\/2025\/02\/SAM_0884.jpg\" alt=\"SAM_0884\" \/><\/figure><\/div><div class=\"swiper-slide\" role=\"group\" aria-roledescription=\"slide\" aria-label=\"6 de 7\"><figure class=\"swiper-slide-inner\"><img decoding=\"async\" class=\"swiper-slide-image\" src=\"https:\/\/autopecasforpecas.com.br\/wp-content\/uploads\/2025\/02\/WhatsApp-Image-2025-01-23-at-16.43.51.jpeg\" alt=\"WhatsApp Image 2025-01-23 at 16.43.51\" \/><\/figure><\/div><div class=\"swiper-slide\" role=\"group\" aria-roledescription=\"slide\" aria-label=\"7 de 7\"><figure class=\"swiper-slide-inner\"><img decoding=\"async\" class=\"swiper-slide-image\" src=\"https:\/\/autopecasforpecas.com.br\/wp-content\/uploads\/2025\/02\/WhatsApp-Image-2025-01-23-at-16.50.25.jpeg\" alt=\"WhatsApp Image 2025-01-23 at 16.50.25\" \/><\/figure><\/div>\t\t\t<\/div>\n\t\t\t\t\t\t\t\t\t\t\t\t<div class=\"elementor-swiper-button elementor-swiper-button-prev\" role=\"button\" tabindex=\"0\">\n\t\t\t\t\t\t<svg aria-hidden=\"true\" class=\"e-font-icon-svg e-eicon-chevron-left\" viewBox=\"0 0 1000 1000\" xmlns=\"http:\/\/www.w3.org\/2000\/svg\"><path d=\"M646 125C629 125 613 133 604 142L308 442C296 454 292 471 292 487 292 504 296 521 308 533L604 854C617 867 629 875 646 875 663 875 679 871 692 858 704 846 713 829 713 812 713 796 708 779 692 767L438 487 692 225C700 217 708 204 708 187 708 171 704 154 692 142 675 129 663 125 646 125Z\"><\/path><\/svg>\t\t\t\t\t<\/div>\n\t\t\t\t\t<div class=\"elementor-swiper-button elementor-swiper-button-next\" role=\"button\" tabindex=\"0\">\n\t\t\t\t\t\t<svg aria-hidden=\"true\" class=\"e-font-icon-svg e-eicon-chevron-right\" viewBox=\"0 0 1000 1000\" xmlns=\"http:\/\/www.w3.org\/2000\/svg\"><path d=\"M696 533C708 521 713 504 713 487 713 471 708 454 696 446L400 146C388 133 375 125 354 125 338 125 325 129 313 142 300 154 292 171 292 187 292 204 296 221 308 233L563 492 304 771C292 783 288 800 288 817 288 833 296 850 308 863 321 871 338 875 354 875 371 875 388 867 400 854L696 533Z\"><\/path><\/svg>\t\t\t\t\t<\/div>\n\t\t\t\t\n\t\t\t\t\t\t\t\t\t<\/div>\n\t\t\t\t\t\t<\/div>\n\t\t\t\t<\/div>\n\t\t\t\t<div class=\"elementor-element elementor-element-b8f02d0 elementor-align-center elementor-widget elementor-widget-button\" data-id=\"b8f02d0\" data-element_type=\"widget\" data-e-type=\"widget\" data-widget_type=\"button.default\">\n\t\t\t\t<div class=\"elementor-widget-container\">\n\t\t\t\t\t\t\t\t\t<div class=\"elementor-button-wrapper\">\n\t\t\t\t\t<a class=\"elementor-button elementor-button-link elementor-size-sm elementor-animation-shrink\" href=\"https:\/\/api.whatsapp.com\/send\/?phone=5519974104530&#038;text=Oi+Forpe%C3%A7as%2C+vim+pelo+site%21+Gostaria+de+or%C3%A7amento.&#038;type=phone_number&#038;app_absent=0\">\n\t\t\t\t\t\t<span class=\"elementor-button-content-wrapper\">\n\t\t\t\t\t\t<span class=\"elementor-button-icon\">\n\t\t\t\t<svg aria-hidden=\"true\" class=\"e-font-icon-svg e-fab-whatsapp\" viewBox=\"0 0 448 512\" xmlns=\"http:\/\/www.w3.org\/2000\/svg\"><path d=\"M380.9 97.1C339 55.1 283.2 32 223.9 32c-122.4 0-222 99.6-222 222 0 39.1 10.2 77.3 29.6 111L0 480l117.7-30.9c32.4 17.7 68.9 27 106.1 27h.1c122.3 0 224.1-99.6 224.1-222 0-59.3-25.2-115-67.1-157zm-157 341.6c-33.2 0-65.7-8.9-94-25.7l-6.7-4-69.8 18.3L72 359.2l-4.4-7c-18.5-29.4-28.2-63.3-28.2-98.2 0-101.7 82.8-184.5 184.6-184.5 49.3 0 95.6 19.2 130.4 54.1 34.8 34.9 56.2 81.2 56.1 130.5 0 101.8-84.9 184.6-186.6 184.6zm101.2-138.2c-5.5-2.8-32.8-16.2-37.9-18-5.1-1.9-8.8-2.8-12.5 2.8-3.7 5.6-14.3 18-17.6 21.8-3.2 3.7-6.5 4.2-12 1.4-32.6-16.3-54-29.1-75.5-66-5.7-9.8 5.7-9.1 16.3-30.3 1.8-3.7.9-6.9-.5-9.7-1.4-2.8-12.5-30.1-17.1-41.2-4.5-10.8-9.1-9.3-12.5-9.5-3.2-.2-6.9-.2-10.6-.2-3.7 0-9.7 1.4-14.8 6.9-5.1 5.6-19.4 19-19.4 46.3 0 27.3 19.9 53.7 22.6 57.4 2.8 3.7 39.1 59.7 94.8 83.8 35.2 15.2 49 16.5 66.6 13.9 10.7-1.6 32.8-13.4 37.4-26.4 4.6-13 4.6-24.1 3.2-26.4-1.3-2.5-5-3.9-10.5-6.6z\"><\/path><\/svg>\t\t\t<\/span>\n\t\t\t\t\t\t\t\t\t<span class=\"elementor-button-text\">Pedir Or\u00e7amento<\/span>\n\t\t\t\t\t<\/span>\n\t\t\t\t\t<\/a>\n\t\t\t\t<\/div>\n\t\t\t\t\t\t\t\t<\/div>\n\t\t\t\t<\/div>\n\t\t\t\t<\/div>\n\t\t<div class=\"elementor-element elementor-element-bd2b0ab e-flex e-con-boxed wpr-particle-no wpr-jarallax-no wpr-parallax-no wpr-sticky-section-no e-con e-parent\" data-id=\"bd2b0ab\" data-element_type=\"container\" data-e-type=\"container\">\n\t\t\t\t\t<div class=\"e-con-inner\">\n\t\t\t\t\t<\/div>\n\t\t\t\t<\/div>\n\t\t\t\t<\/div>\n\t\t","protected":false},"excerpt":{"rendered":"<p>nossos produtos Pe\u00e7as Automotivas e Acess\u00f3rios Entre em Contato Kit de Amortecedores O Kit de Amortecedores. Reduz impactos, aumenta a ader\u00eancia ao solo e prolonga a vida \u00fatil da suspens\u00e3o Discos e Pastilhas O kit de Discos e Pastilhas de Freio proporciona frenagem segura e eficiente. Reduza o desgaste irregular e aumente a durabilidade do sistema de freios. Velas de Igni\u00e7\u00e3o Tenha partidas r\u00e1pidas e melhor desempenho com as Velas de Igni\u00e7\u00e3o. Mais economia de combust\u00edvel, queima eficiente e redu\u00e7\u00e3o de falhas no motor Buchas de Suspens\u00e3o As Buchas de Suspens\u00e3o absorvem impactos e reduzem ru\u00eddos, garantindo mais conforto, estabilidade e menor desgaste das pe\u00e7as do ve\u00edculo. Correias As Correias Automotivas garantem o funcionamento eficiente do motor, alternador e outros sistemas do ve\u00edculo. Evite falhas e quebras com correias de alta durabilidade. Kit de Embreagem O Kit de Embreagem garante trocas de marcha suaves, melhor desempenho e maior durabilidade do sistema de transmiss\u00e3o. Evite patina\u00e7\u00e3o e ru\u00eddos com um kit de alta qualidade. nossas solu\u00e7\u00f5es Pedir Or\u00e7amento<\/p>\n","protected":false},"author":1,"featured_media":0,"parent":0,"menu_order":0,"comment_status":"closed","ping_status":"closed","template":"elementor_header_footer","meta":{"footnotes":""},"class_list":["post-48","page","type-page","status-publish","hentry"],"_links":{"self":[{"href":"https:\/\/autopecasforpecas.com.br\/menu\/wp-json\/wp\/v2\/pages\/48"}],"collection":[{"href":"https:\/\/autopecasforpecas.com.br\/menu\/wp-json\/wp\/v2\/pages"}],"about":[{"href":"https:\/\/autopecasforpecas.com.br\/menu\/wp-json\/wp\/v2\/types\/page"}],"author":[{"embeddable":true,"href":"https:\/\/autopecasforpecas.com.br\/menu\/wp-json\/wp\/v2\/users\/1"}],"replies":[{"embeddable":true,"href":"https:\/\/autopecasforpecas.com.br\/menu\/wp-json\/wp\/v2\/comments?post=48"}],"version-history":[{"count":19,"href":"https:\/\/autopecasforpecas.com.br\/menu\/wp-json\/wp\/v2\/pages\/48\/revisions"}],"predecessor-version":[{"id":409,"href":"https:\/\/autopecasforpecas.com.br\/menu\/wp-json\/wp\/v2\/pages\/48\/revisions\/409"}],"wp:attachment":[{"href":"https:\/\/autopecasforpecas.com.br\/menu\/wp-json\/wp\/v2\/media?parent=48"}],"curies":[{"name":"wp","href":"https:\/\/api.w.org\/{rel}","templated":true}]}}